{"id":247,"date":"2018-09-11T21:52:06","date_gmt":"2018-09-12T01:52:06","guid":{"rendered":"https:\/\/spanishflu.canadiangeographic.ca\/about\/"},"modified":"2018-10-15T09:27:02","modified_gmt":"2018-10-15T13:27:02","slug":"a-propos","status":"publish","type":"page","link":"https:\/\/spanishflu.canadiangeographic.ca\/fr\/a-propos\/","title":{"rendered":"\u00c0 propos"},"content":{"rendered":"<h2><strong>L\u2019influenza d\u00e9masqu\u00e9e<\/strong><\/h2>\n<p>L\u2019ensemble de projets \u00e9ducatifs <em>L\u2019influenza d\u00e9masqu\u00e9e <\/em>a pour but d\u2019appr\u00e9hender les r\u00e9percussions sociales et politiques de la pand\u00e9mie de grippe qu\u2019a connue le Canada en 1918, tuant plus de 50\u00a0000\u00a0personnes, et de d\u00e9couvrir \u00e0 quel point nous sommes pr\u00e9par\u00e9s \u00e0 affronter la prochaine grande pand\u00e9mie.<br \/>\n\n<table id=\"tablepress-3\" class=\"tablepress tablepress-id-3 abouttable\">\n<tbody>\n<tr class=\"row-1\">\n\t<td class=\"column-1\"><img loading=\"lazy\" decoding=\"async\" src=\"https:\/\/spanishflu.canadiangeographic.ca\/wp-content\/uploads\/2018\/09\/book.png\" alt=\"\" width=\"121\" height=\"118\" class=\"alignnone size-full wp-image-136\" \/><\/td><td class=\"column-2\"><h3><em>Article vedette de la revue Canadian Geographic (septembre\/octobre 2018)<\/em><\/h3><p>Dans <a href=\"https:\/\/www.canadiangeographic.ca\/article\/outbreak-and-its-aftermath\" target=\"_blank\">The outbreak and its aftermath<\/a> la c\u00e9l\u00e8bre journaliste, auteure et dramaturge canadienne Alanna Mitchell examine la fa\u00e7on dont le virus est apparu, ses vastes r\u00e9percussions au Canada et les enseignements que l\u2019on peut tirer de cette pand\u00e9mie sur la capacit\u00e9 de notre soci\u00e9t\u00e9 moderne \u00e0 affronter la prochaine pand\u00e9mie de grippe, laquelle est \u00e0 la fois in\u00e9vitable et totalement impr\u00e9visible.<\/p><\/td>\n<\/tr>\n<tr class=\"row-2\">\n\t<td class=\"column-1\"><img loading=\"lazy\" decoding=\"async\" src=\"https:\/\/spanishflu.canadiangeographic.ca\/wp-content\/uploads\/2018\/09\/discussion.png\" alt=\"\" width=\"121\" height=\"118\" class=\"alignnone size-full wp-image-138\" \/><\/td><td class=\"column-2\"><h3><em>D\u00e9bat public en direct (20 septembre 2018)<\/em><\/h3><p>Theresa Tam, administratrice en chef de la sant\u00e9 publique du Canada, et Esyllt Jones, professeure d\u2019histoire \u00e0 l\u2019Universit\u00e9 du Manitoba, discuteront des r\u00e9percussions de la grippe espagnole il y a un si\u00e8cle et aujourd\u2019hui. La discussion sera enregistr\u00e9e et diffus\u00e9e plus tard sur la Cha\u00eene d'affaires publiques par c\u00e2ble <a href=\"http:\/\/www.cpac.ca\/\" target=\"_blank\">CPAC<\/a><\/p><\/td>\n<\/tr>\n<tr class=\"row-3\">\n\t<td class=\"column-1\"><img loading=\"lazy\" decoding=\"async\" src=\"https:\/\/spanishflu.canadiangeographic.ca\/wp-content\/uploads\/2018\/09\/movie.png\" alt=\"\" width=\"121\" height=\"118\" class=\"alignnone size-full wp-image-142\" \/><\/td><td class=\"column-2\"><h3><em>Documentaire long-m\u00e9trage<\/em><\/h3><p>Alternant habilement entre deux trames du temps parall\u00e8les, L\u2019influenza d\u00e9masqu\u00e9e pr\u00e9sente le fil chronologique des \u00e9v\u00e8nements et les effets d\u00e9vastateurs de la grippe espagnole en 1918 et aborde la fa\u00e7on dont nous affronterions, en 2018, une telle pand\u00e9mie de grippe. Le documentaire sera diffus\u00e9 sur la <a href=\"http:\/\/www.cpac.ca\/\" target=\"_blank\">CPAC<\/a> en d\u00e9cembre 2018.<\/p><\/td>\n<\/tr>\n<tr class=\"row-4\">\n\t<td class=\"column-1\"><img loading=\"lazy\" decoding=\"async\" src=\"https:\/\/spanishflu.canadiangeographic.ca\/wp-content\/uploads\/2018\/09\/world.png\" alt=\"\" width=\"121\" height=\"118\" class=\"alignnone size-full wp-image-146\" \/><\/td><td class=\"column-2\"><h3><em>Carte-tapis g\u00e9ante<\/em><\/h3><p>Gr\u00e2ce \u00e0 la <a href=\"http:\/\/www.cangeoeducation.ca\/\" target=\"_blank\">Canadian Geographic Education<\/a> L\u2019influenza d\u00e9masqu\u00e9e, les \u00e9l\u00e8ves se renseigneront sur la g\u00e9ographie d\u2019un virus et visualiseront la fa\u00e7on dont se propage une pand\u00e9mie d\u2019un pays \u00e0 l\u2019autre. De 11 m\u00e8tres sur 8 m\u00e8tres, cette carte interactive met en \u00e9vidence la propagation de la grippe espagnole dans le monde et au Canada. Une trousse d\u2019accompagnement comprenant 10 le\u00e7ons pr\u00eates \u00e0 l\u2019emploi et une vari\u00e9t\u00e9 d\u2019outils p\u00e9dagogiques tactiles permettra d\u2019accro\u00eetre le niveau de connaissance des \u00e9l\u00e8ves sur le sujet.<\/p><\/td>\n<\/tr>\n<tr class=\"row-5\">\n\t<td class=\"column-1\"><img loading=\"lazy\" decoding=\"async\" src=\"https:\/\/spanishflu.canadiangeographic.ca\/wp-content\/uploads\/2018\/09\/video.png\" alt=\"\" width=\"121\" height=\"118\" class=\"alignnone size-full wp-image-144\" \/><\/td><td class=\"column-2\"><h3><em>Six Vid\u00e9os \u00e9ducatives<\/em><\/h3><p>Ces bulles d\u2019information portent sur certaines r\u00e9alit\u00e9s pass\u00e9es et pr\u00e9sentes associ\u00e9es aux pand\u00e9mies.<\/p><\/td>\n<\/tr>\n<tr class=\"row-6\">\n\t<td class=\"column-1\"><img loading=\"lazy\" decoding=\"async\" src=\"https:\/\/spanishflu.canadiangeographic.ca\/wp-content\/uploads\/2018\/09\/exhibit.png\" alt=\"\" width=\"121\" height=\"118\" class=\"alignnone size-full wp-image-140\" \/><\/td><td class=\"column-2\"><h3><em>Exposition publique sur la grippe espagnole<\/em><\/h3><p>Une exposition comprenant huit panneaux et des art\u00e9facts procurera une incursion participative dans l\u2019histoire de la grippe espagnole au Canada. Cette exposition sera inaugur\u00e9e officiellement en d\u00e9cembre \u00e0 Ottawa \u00e0 l\u2019occasion de la <a href=\"https:\/\/cic-cci.ca\/fr\/\" target=\"_blank\">Conf\u00e9rence canadienne sur l\u2019immunisation 2018<\/a>.<\/p><br \/>\n<\/td>\n<\/tr>\n<\/tbody>\n<\/table>\n<!-- #tablepress-3 from cache --><\/p>\n","protected":false},"excerpt":{"rendered":"<p>L\u2019influenza d\u00e9masqu\u00e9e L\u2019ensemble de projets \u00e9ducatifs L\u2019influenza d\u00e9masqu\u00e9e a pour but d\u2019appr\u00e9hender les r\u00e9percussions sociales et politiques de la pand\u00e9mie de grippe qu\u2019a connue le Canada en 1918, tuant plus de 50\u00a0000\u00a0personnes, et de d\u00e9couvrir \u00e0 quel point nous sommes pr\u00e9par\u00e9s \u00e0 affronter la prochaine grande pand\u00e9mie.<\/p>\n","protected":false},"author":1,"featured_media":0,"parent":0,"menu_order":0,"comment_status":"closed","ping_status":"closed","template":"","meta":{"_acf_changed":false,"jetpack_post_was_ever_published":false,"footnotes":""},"class_list":["post-247","page","type-page","status-publish","hentry"],"acf":[],"jetpack_sharing_enabled":true,"jetpack_shortlink":"https:\/\/wp.me\/PapTtE-3Z","jetpack-related-posts":[],"_links":{"self":[{"href":"https:\/\/spanishflu.canadiangeographic.ca\/fr\/wp-json\/wp\/v2\/pages\/247","targetHints":{"allow":["GET"]}}],"collection":[{"href":"https:\/\/spanishflu.canadiangeographic.ca\/fr\/wp-json\/wp\/v2\/pages"}],"about":[{"href":"https:\/\/spanishflu.canadiangeographic.ca\/fr\/wp-json\/wp\/v2\/types\/page"}],"author":[{"embeddable":true,"href":"https:\/\/spanishflu.canadiangeographic.ca\/fr\/wp-json\/wp\/v2\/users\/1"}],"replies":[{"embeddable":true,"href":"https:\/\/spanishflu.canadiangeographic.ca\/fr\/wp-json\/wp\/v2\/comments?post=247"}],"version-history":[{"count":0,"href":"https:\/\/spanishflu.canadiangeographic.ca\/fr\/wp-json\/wp\/v2\/pages\/247\/revisions"}],"wp:attachment":[{"href":"https:\/\/spanishflu.canadiangeographic.ca\/fr\/wp-json\/wp\/v2\/media?parent=247"}],"curies":[{"name":"wp","href":"https:\/\/api.w.org\/{rel}","templated":true}]}}