{"id":255,"date":"2018-09-11T21:52:28","date_gmt":"2018-09-12T01:52:28","guid":{"rendered":"https:\/\/spanishflu.canadiangeographic.ca\/partners\/"},"modified":"2018-10-15T09:43:44","modified_gmt":"2018-10-15T13:43:44","slug":"partenaires","status":"publish","type":"page","link":"https:\/\/spanishflu.canadiangeographic.ca\/fr\/partenaires\/","title":{"rendered":"Partenaires"},"content":{"rendered":"\n<table id=\"tablepress-4\" class=\"tablepress tablepress-id-4 partnerstable\">\n<tbody>\n<tr class=\"row-1\">\n\t<td class=\"column-1\"><img loading=\"lazy\" decoding=\"async\" src=\"https:\/\/spanishflu.canadiangeographic.ca\/wp-content\/uploads\/2018\/09\/sv.png\" alt=\"\" width=\"192\" height=\"93\" class=\"alignnone size-full wp-image-168\" \/><\/td><td class=\"column-2\"><a href=\"http:\/\/www.soundventure.com\/\" target=\"_blank\" rel=\"noopener\">Sound Venture Productions<\/a><br \/>\nSoci\u00e9t\u00e9 de production prim\u00e9e, Sound Venture Productions dirige le projet  L\u2019influenza d\u00e9masqu\u00e9e et produit un documentaire d\u2019une heure du m\u00eame titre.<\/td>\n<\/tr>\n<tr class=\"row-2\">\n\t<td class=\"column-1\"><img loading=\"lazy\" decoding=\"async\" src=\"https:\/\/spanishflu.canadiangeographic.ca\/wp-content\/uploads\/2018\/09\/rcgs-1.png\" alt=\"\" width=\"242\" height=\"82\" class=\"alignnone size-full wp-image-164\" \/><br \/>\n<br \/>\n<img loading=\"lazy\" decoding=\"async\" src=\"https:\/\/spanishflu.canadiangeographic.ca\/wp-content\/uploads\/2018\/09\/cg.png\" alt=\"\" width=\"173\" height=\"62\" class=\"alignnone size-full wp-image-154\" \/><\/td><td class=\"column-2\"><a href=\"http:\/\/www.rcgs.org\/\" target=\"_blank\" rel=\"noopener\">La Soci\u00e9t\u00e9 g\u00e9ographique royale du Canada<\/a> et <a href=\"https:\/\/www.canadiangeographic.ca\/\" target=\"_blank\" rel=\"noopener\">Canadian Geographic<\/a><br \/>\nLa Soci\u00e9t\u00e9 g\u00e9ographique royale du Canada est le premier partenaire de Sound Venture dans le cadre du projet L\u2019influenza d\u00e9masqu\u00e9e. La SGRC a produit une vaste gamme d\u2019outils p\u00e9dagogiques et d\u2019articles connexes et poss\u00e8de un vaste r\u00e9seau de diffusion \u00e0 l\u2019\u00e9chelle nationale de plus de 17 000 \u00e9ducateurs  par l\u2019interm\u00e9diaire de Canadian Geographic \u00c9ducation.<\/td>\n<\/tr>\n<tr class=\"row-3\">\n\t<td class=\"column-1\"><img loading=\"lazy\" decoding=\"async\" src=\"https:\/\/spanishflu.canadiangeographic.ca\/wp-content\/uploads\/2018\/09\/cpac.png\" alt=\"\" width=\"151\" height=\"71\" class=\"alignnone size-full wp-image-158\" srcset=\"https:\/\/spanishflu.canadiangeographic.ca\/wp-content\/uploads\/2018\/09\/cpac.png 151w, https:\/\/spanishflu.canadiangeographic.ca\/wp-content\/uploads\/2018\/09\/cpac-150x71.png 150w\" sizes=\"auto, (max-width: 151px) 100vw, 151px\" \/><\/td><td class=\"column-2\"><a href=\"http:\/\/www.cpac.ca\/\" target=\"_blank\" rel=\"noopener\">CPAC<\/a><br \/>\nLa Cha\u00eene d\u2019affaires publiques par c\u00e2ble (CPAC) est le seul service agr\u00e9\u00e9 et priv\u00e9 de t\u00e9l\u00e9diffusion bilingue, sans publicit\u00e9 et sans but lucratif.<\/td>\n<\/tr>\n<tr class=\"row-4\">\n\t<td class=\"column-1\"><img loading=\"lazy\" decoding=\"async\" src=\"https:\/\/spanishflu.canadiangeographic.ca\/wp-content\/uploads\/2018\/09\/museum.png\" alt=\"\" width=\"167\" height=\"82\" class=\"alignnone size-full wp-image-162\" \/><\/td><td class=\"column-2\"><a href=\"http:\/\/www.museumofhealthcare.ca\/\" target=\"_blank\" rel=\"noopener\">The Museum of Health Care<\/a><br \/>\nCe mus\u00e9e des soins de sant\u00e9 se trouve \u00e0 Kingston, en Ontario. Il porte sur l\u2019histoire de la m\u00e9decine au Canada du XVIIIe si\u00e8cle \u00e0 l\u2019\u00e8re moderne.<\/td>\n<\/tr>\n<tr class=\"row-5\">\n\t<td class=\"column-1\"><img loading=\"lazy\" decoding=\"async\" src=\"https:\/\/spanishflu.canadiangeographic.ca\/wp-content\/uploads\/2018\/09\/goc.png\" alt=\"\" width=\"253\" height=\"25\" class=\"alignnone size-full wp-image-160\" \/><\/td><td class=\"column-2\"><strong>Government of Canada Partners<\/strong><br \/>\n<a href=\"https:\/\/www.canada.ca\/fr\/patrimoine-canadien.html\">Patrimoine canadien<\/a><br \/>\n<a href=\"https:\/\/www.canada.ca\/fr\/sante-publique.html\">L\u2019Agence de sant\u00e9 publique du Canada<\/a><br \/>\n<a href=\"https:\/\/www.canada.ca\/fr\/services-autochtones-canada\/organisation\/direction-generale-sante-premieres-nations-inuits.html\" target=\"_blank\" rel=\"noopener\">Direction g\u00e9n\u00e9rale de la sant\u00e9 des Premi\u00e8res nations et des Inuits<\/a><br \/>\n<a href=\"https:\/\/www.bac-lac.gc.ca\/\">Biblioth\u00e8que et archives Canada<\/a><\/td>\n<\/tr>\n<tr class=\"row-6\">\n\t<td class=\"column-1\"><img loading=\"lazy\" decoding=\"async\" src=\"https:\/\/spanishflu.canadiangeographic.ca\/wp-content\/uploads\/2018\/09\/sanofi-2.png\" alt=\"\" width=\"244\" height=\"32\" class=\"alignnone size-medium wp-image-173\" \/><\/td><td class=\"column-2\"><a href=\"http:\/\/www.sanofipasteur.ca\/\" target=\"_blank\" rel=\"noopener\">Sanofi Pasteur<\/a><br \/>\nSanofi Pasteur est la division des vaccins de la soci\u00e9t\u00e9 pharmaceutique multinationale Sanofi.<\/td>\n<\/tr>\n<tr class=\"row-7\">\n\t<td class=\"column-1\"><img decoding=\"async\" src=\"https:\/\/spanishflu.canadiangeographic.ca\/wp-content\/uploads\/2018\/09\/Seqirus_Logo.png\" alt=\"\" width=\"170\" class=\"alignnone size-full wp-image-203\" \/><\/td><td class=\"column-2\"><a href=\"https:\/\/www.seqirus.com\/\" target=\"_blank\" rel=\"noopener\">Seqirus<\/a><br \/>\nWith cutting-edge facilities, technologies and technical expertise, Seqirus is a reliable supplier of seasonal influenza vaccine.<br \/>\n<br \/>\n<p class=\"smallertext\"><em>Vous souhaitez participer \u00e0 ce projet emballant ? <a href=\"mailto:tim@soundventure.com\">Communiquez avec Tim Joyce<\/a> de Sound Venture Productions qui vous indiquera comment vous pouvez contribuer \u00e0 donner vie \u00e0 l\u2019histoire.<\/em><\/p><\/td>\n<\/tr>\n<\/tbody>\n<\/table>\n\n","protected":false},"excerpt":{"rendered":"","protected":false},"author":1,"featured_media":0,"parent":0,"menu_order":0,"comment_status":"closed","ping_status":"closed","template":"","meta":{"_acf_changed":false,"jetpack_post_was_ever_published":false,"footnotes":""},"class_list":["post-255","page","type-page","status-publish","hentry"],"acf":[],"jetpack_sharing_enabled":true,"jetpack_shortlink":"https:\/\/wp.me\/PapTtE-47","jetpack-related-posts":[],"_links":{"self":[{"href":"https:\/\/spanishflu.canadiangeographic.ca\/fr\/wp-json\/wp\/v2\/pages\/255","targetHints":{"allow":["GET"]}}],"collection":[{"href":"https:\/\/spanishflu.canadiangeographic.ca\/fr\/wp-json\/wp\/v2\/pages"}],"about":[{"href":"https:\/\/spanishflu.canadiangeographic.ca\/fr\/wp-json\/wp\/v2\/types\/page"}],"author":[{"embeddable":true,"href":"https:\/\/spanishflu.canadiangeographic.ca\/fr\/wp-json\/wp\/v2\/users\/1"}],"replies":[{"embeddable":true,"href":"https:\/\/spanishflu.canadiangeographic.ca\/fr\/wp-json\/wp\/v2\/comments?post=255"}],"version-history":[{"count":0,"href":"https:\/\/spanishflu.canadiangeographic.ca\/fr\/wp-json\/wp\/v2\/pages\/255\/revisions"}],"wp:attachment":[{"href":"https:\/\/spanishflu.canadiangeographic.ca\/fr\/wp-json\/wp\/v2\/media?parent=255"}],"curies":[{"name":"wp","href":"https:\/\/api.w.org\/{rel}","templated":true}]}}