{"id":291,"date":"2018-10-22T09:11:51","date_gmt":"2018-10-22T13:11:51","guid":{"rendered":"https:\/\/spanishflu.canadiangeographic.ca\/your-stories\/"},"modified":"2018-10-22T10:47:30","modified_gmt":"2018-10-22T14:47:30","slug":"vos-temoignages","status":"publish","type":"page","link":"https:\/\/spanishflu.canadiangeographic.ca\/fr\/vos-temoignages\/","title":{"rendered":"Vos t\u00e9moignages"},"content":{"rendered":"<h2 style=\"margin-top: 0px;\"><strong>Vos t\u00e9moignages<\/strong><\/h2>\n<p>La grippe espagnole de 1918 a eu de profondes r\u00e9percussions au Canada et dans le monde. Les histoires se sont transmises des grands-parents, \u00e0 leurs enfants et \u00e0 leurs petits-enfants, ou entre amis. Nous perp\u00e9tuons ainsi le fil de cette transmission en laissant les lecteurs raconter comment la grippe espagnole a touch\u00e9 la vie de leurs proches ou de gens qu\u2019ils connaissaient.<\/p>\n<p><a href=\"https:\/\/spanishflu.canadiangeographic.ca\/fr\/racontez-nous\/\">Racontez-nous\u00a0!<\/a><\/p>\n","protected":false},"excerpt":{"rendered":"<p>Vos t\u00e9moignages La grippe espagnole de 1918 a eu de profondes r\u00e9percussions au Canada et dans le monde. Les histoires se sont transmises des grands-parents, \u00e0 leurs enfants et \u00e0 leurs petits-enfants, ou entre amis. Nous perp\u00e9tuons ainsi le fil de cette transmission en laissant les lecteurs raconter comment la grippe espagnole a touch\u00e9 la&hellip;&nbsp;<a class=\"moretag\" href=\"https:\/\/spanishflu.canadiangeographic.ca\/fr\/vos-temoignages\/\">Read more<\/a><\/p>\n","protected":false},"author":1,"featured_media":0,"parent":0,"menu_order":0,"comment_status":"closed","ping_status":"closed","template":"","meta":{"_acf_changed":false,"footnotes":""},"class_list":["post-291","page","type-page","status-publish","hentry"],"acf":[],"jetpack_sharing_enabled":true,"jetpack_shortlink":"https:\/\/wp.me\/PapTtE-4H","jetpack-related-posts":[],"_links":{"self":[{"href":"https:\/\/spanishflu.canadiangeographic.ca\/fr\/wp-json\/wp\/v2\/pages\/291","targetHints":{"allow":["GET"]}}],"collection":[{"href":"https:\/\/spanishflu.canadiangeographic.ca\/fr\/wp-json\/wp\/v2\/pages"}],"about":[{"href":"https:\/\/spanishflu.canadiangeographic.ca\/fr\/wp-json\/wp\/v2\/types\/page"}],"author":[{"embeddable":true,"href":"https:\/\/spanishflu.canadiangeographic.ca\/fr\/wp-json\/wp\/v2\/users\/1"}],"replies":[{"embeddable":true,"href":"https:\/\/spanishflu.canadiangeographic.ca\/fr\/wp-json\/wp\/v2\/comments?post=291"}],"version-history":[{"count":0,"href":"https:\/\/spanishflu.canadiangeographic.ca\/fr\/wp-json\/wp\/v2\/pages\/291\/revisions"}],"wp:attachment":[{"href":"https:\/\/spanishflu.canadiangeographic.ca\/fr\/wp-json\/wp\/v2\/media?parent=291"}],"curies":[{"name":"wp","href":"https:\/\/api.w.org\/{rel}","templated":true}]}}